{"id":13,"date":"2020-11-21T13:46:04","date_gmt":"2020-11-21T12:46:04","guid":{"rendered":"http:\/\/surin79.fr\/?page_id=13"},"modified":"2026-03-22T17:41:08","modified_gmt":"2026-03-22T16:41:08","slug":"a-propos-de","status":"publish","type":"page","link":"https:\/\/surin79.fr\/?page_id=13","title":{"rendered":"L&rsquo;\u00e9quipe municipale"},"content":{"rendered":"<div class=\"style-200 style-local-13-c1 position-relative\" style=\"text-align: center;\" data-colibri-id=\"13-c1\">&nbsp;<\/div>\n\n\n<p>Le 15 Mars 2026, une nouvelle \u00e9quipe municipale, partiellement renouvel\u00e9e et men\u00e9e par le maire sortant Philippe JEANNOT, a \u00e9t\u00e9 install\u00e9e \u00e0 l&rsquo;issue des \u00e9lections municipales.<\/p>\n\n\n\n<p>Elle se compose de 15 membres r\u00e9partis sur l&rsquo;ensemble du territoire de la commune.<\/p>\n\n\n\n<p>ANNEREAU Karine- BLANCHET Bernard &#8211; CHASSEAU Fabrice<strong> <\/strong>&#8211; CHATELIER Anne-Marie &#8211; DELPLANCQ Thierry ( 1e adjoint) &#8211;\u00a0DUBOIS-MASSE Annie &#8211;\u00a0FOURRE Cindy &#8211; GADREAU Marie &#8211; GALAIS Sophie &#8211;\u00a0 <strong>JEANNOT Philippe (Maire)<\/strong> &#8211;\u00a0KILQUE Sylvie ( 2e adjointe) &#8211;\u00a0LEGROS K\u00e9vin &#8211; SOUCHARD Jean-Fran\u00e7ois &#8211; VANDE Yves &#8211; WEILL R\u00e9mi.<\/p>\n\n\n\n<p>Le conseil municipal est constitu\u00e9 de 7 <a href=\"https:\/\/surin79.fr\/?page_id=622\" target=\"_blank\" rel=\"noreferrer noopener\">commissions communales<\/a> pour lesquelles M. le maire est membre de droit et donc pr\u00e9sent \u00e0 toutes les r\u00e9unions organis\u00e9es.<\/p>\n\n\n\n<p>De m\u00eame, plusieurs conseillers ont \u00e9t\u00e9 \u00e9lus par le conseil municipal pour \u00eatre <a href=\"https:\/\/surin79.fr\/?page_id=560\" target=\"_blank\" rel=\"noreferrer noopener\">d\u00e9l\u00e9gu\u00e9s aupr\u00e8s des organismes<\/a> qui interviennent dans la gestion de notre commune tels que le <strong>SIVU<\/strong> (syndicat intercommunal \u00e0 vocation unique) pour la gestion du RPI des \u00e9coles, le <strong>SIEDS<\/strong> ( syndicat intercommunal d&rsquo;\u00e9nergie des Deux-S\u00e8vres) pour l&rsquo;\u00e9lectricit\u00e9 ou encore le <strong>SMBVSN<\/strong> (syndicat mixte du bassin versant de la S\u00e8vre Niortaise)<\/p>\n\n\n\n<div class=\"wp-block-columns is-layout-flex wp-container-core-columns-is-layout-9d6595d7 wp-block-columns-is-layout-flex\">\n<div class=\"wp-block-column is-layout-flow wp-block-column-is-layout-flow\">\n<p>Le service au quotidien est assur\u00e9 par le personnel de la commune. Il est constitu\u00e9 de quatre personnes:<\/p>\n\n\n\n<ul id=\"block-2ff7f9ba-387e-4ae3-a5fe-e94489f69bfa\" class=\"wp-block-list\">\n<li>Secr\u00e9taire de mairie : <strong>Claude BIGOURD<\/strong><\/li>\n\n\n\n<li>Cuisinier, agent de restauration : <strong>Eric RAPHEL<\/strong><\/li>\n\n\n\n<li>Agents techniques : <strong>Jean-Luc PIOT <\/strong>et <strong>Kylian POUSSARD<\/strong><\/li>\n<\/ul>\n\n\n\n<p class=\"has-text-align-center has-medium-font-size\"><a href=\"https:\/\/surin79.fr\/?page_id=965\" target=\"_blank\" rel=\"noreferrer noopener\">Mairie de Surin-Mentions l\u00e9gales<\/a><\/p>\n<\/div>\n<\/div>\n\n\n\n<p><\/p>\n","protected":false},"excerpt":{"rendered":"<p>&nbsp; Le 15 Mars 2026, une nouvelle \u00e9quipe municipale, partiellement renouvel\u00e9e et men\u00e9e par le maire sortant Philippe JEANNOT, a \u00e9t\u00e9 install\u00e9e \u00e0 l&rsquo;issue des \u00e9lections municipales. Elle se compose de 15 membres r\u00e9partis sur l&rsquo;ensemble du territoire de la commune. ANNEREAU Karine- BLANCHET Bernard &#8211; CHASSEAU Fabrice &#8211; CHATELIER<\/p>\n","protected":false},"author":1,"featured_media":1800,"parent":0,"menu_order":0,"comment_status":"closed","ping_status":"closed","template":"","meta":{"footnotes":""},"class_list":["post-13","page","type-page","status-publish","has-post-thumbnail","hentry"],"_links":{"self":[{"href":"https:\/\/surin79.fr\/index.php?rest_route=\/wp\/v2\/pages\/13","targetHints":{"allow":["GET"]}}],"collection":[{"href":"https:\/\/surin79.fr\/index.php?rest_route=\/wp\/v2\/pages"}],"about":[{"href":"https:\/\/surin79.fr\/index.php?rest_route=\/wp\/v2\/types\/page"}],"author":[{"embeddable":true,"href":"https:\/\/surin79.fr\/index.php?rest_route=\/wp\/v2\/users\/1"}],"replies":[{"embeddable":true,"href":"https:\/\/surin79.fr\/index.php?rest_route=%2Fwp%2Fv2%2Fcomments&post=13"}],"version-history":[{"count":36,"href":"https:\/\/surin79.fr\/index.php?rest_route=\/wp\/v2\/pages\/13\/revisions"}],"predecessor-version":[{"id":1809,"href":"https:\/\/surin79.fr\/index.php?rest_route=\/wp\/v2\/pages\/13\/revisions\/1809"}],"wp:featuredmedia":[{"embeddable":true,"href":"https:\/\/surin79.fr\/index.php?rest_route=\/wp\/v2\/media\/1800"}],"wp:attachment":[{"href":"https:\/\/surin79.fr\/index.php?rest_route=%2Fwp%2Fv2%2Fmedia&parent=13"}],"curies":[{"name":"wp","href":"https:\/\/api.w.org\/{rel}","templated":true}]}}