{"id":1357,"date":"2024-01-03T12:01:47","date_gmt":"2024-01-03T11:01:47","guid":{"rendered":"https:\/\/surin79.fr\/?page_id=1357"},"modified":"2026-03-11T17:43:57","modified_gmt":"2026-03-11T16:43:57","slug":"1357-2","status":"publish","type":"page","link":"https:\/\/surin79.fr\/?page_id=1357","title":{"rendered":"LOTISSEMENT COMMUNAL"},"content":{"rendered":"\n<div class=\"wp-block-media-text is-stacked-on-mobile is-image-fill-element\"><figure class=\"wp-block-media-text__media\"><img loading=\"lazy\" decoding=\"async\" width=\"1024\" height=\"763\" src=\"https:\/\/surin79.fr\/wp-content\/uploads\/2021\/03\/IMG_0519-scaled-e1704279298953-1024x763.jpg\" alt=\"\" class=\"wp-image-367 size-full\" style=\"object-position:94% 46%\" srcset=\"https:\/\/surin79.fr\/wp-content\/uploads\/2021\/03\/IMG_0519-scaled-e1704279298953-1024x763.jpg 1024w, https:\/\/surin79.fr\/wp-content\/uploads\/2021\/03\/IMG_0519-scaled-e1704279298953-300x224.jpg 300w, https:\/\/surin79.fr\/wp-content\/uploads\/2021\/03\/IMG_0519-scaled-e1704279298953-768x572.jpg 768w, https:\/\/surin79.fr\/wp-content\/uploads\/2021\/03\/IMG_0519-scaled-e1704279298953-1536x1145.jpg 1536w, https:\/\/surin79.fr\/wp-content\/uploads\/2021\/03\/IMG_0519-scaled-e1704279298953.jpg 1975w\" sizes=\"auto, (max-width: 1024px) 100vw, 1024px\" \/><\/figure><div class=\"wp-block-media-text__content\">\n<p class=\"has-text-align-center has-accent-color has-light-gray-background-color has-text-color has-background has-link-color has-x-large-font-size wp-elements-2c1ee5cd3ba258dc7e9e1ca32861939c\"><strong>Parcelles de la commune \u00e0 vendre !<\/strong><\/p>\n<\/div><\/div>\n\n\n\n<figure class=\"wp-block-gallery alignwide has-nested-images columns-default is-cropped wp-block-gallery-1 is-layout-flex wp-block-gallery-is-layout-flex\">\n<figure class=\"wp-block-image size-full\"><img loading=\"lazy\" decoding=\"async\" width=\"722\" height=\"738\" data-id=\"1358\" src=\"https:\/\/surin79.fr\/wp-content\/uploads\/2024\/01\/LotissementVuDessus.png\" alt=\"\" class=\"wp-image-1358\" srcset=\"https:\/\/surin79.fr\/wp-content\/uploads\/2024\/01\/LotissementVuDessus.png 722w, https:\/\/surin79.fr\/wp-content\/uploads\/2024\/01\/LotissementVuDessus-293x300.png 293w\" sizes=\"auto, (max-width: 722px) 100vw, 722px\" \/><figcaption class=\"wp-element-caption\">Vue d&rsquo;ensemble<\/figcaption><\/figure>\n\n\n\n<figure class=\"wp-block-image size-large\"><img loading=\"lazy\" decoding=\"async\" width=\"1024\" height=\"768\" data-id=\"1363\" src=\"https:\/\/surin79.fr\/wp-content\/uploads\/2024\/01\/IMG_20220824_090100-1024x768.jpg\" alt=\"\" class=\"wp-image-1363\" srcset=\"https:\/\/surin79.fr\/wp-content\/uploads\/2024\/01\/IMG_20220824_090100-1024x768.jpg 1024w, https:\/\/surin79.fr\/wp-content\/uploads\/2024\/01\/IMG_20220824_090100-300x225.jpg 300w, https:\/\/surin79.fr\/wp-content\/uploads\/2024\/01\/IMG_20220824_090100-768x576.jpg 768w, https:\/\/surin79.fr\/wp-content\/uploads\/2024\/01\/IMG_20220824_090100-1536x1152.jpg 1536w, https:\/\/surin79.fr\/wp-content\/uploads\/2024\/01\/IMG_20220824_090100-2048x1536.jpg 2048w\" sizes=\"auto, (max-width: 1024px) 100vw, 1024px\" \/><figcaption class=\"wp-element-caption\">Vue de la parcelle 2<\/figcaption><\/figure>\n<\/figure>\n\n\n\n<figure class=\"wp-block-gallery alignwide has-nested-images columns-default is-cropped wp-block-gallery-2 is-layout-flex wp-block-gallery-is-layout-flex\">\n<figure class=\"wp-block-image size-large\"><img loading=\"lazy\" decoding=\"async\" width=\"1024\" height=\"768\" data-id=\"1364\" src=\"https:\/\/surin79.fr\/wp-content\/uploads\/2024\/01\/IMG_20220824_090151-1024x768.jpg\" alt=\"\" class=\"wp-image-1364\" srcset=\"https:\/\/surin79.fr\/wp-content\/uploads\/2024\/01\/IMG_20220824_090151-1024x768.jpg 1024w, https:\/\/surin79.fr\/wp-content\/uploads\/2024\/01\/IMG_20220824_090151-300x225.jpg 300w, https:\/\/surin79.fr\/wp-content\/uploads\/2024\/01\/IMG_20220824_090151-768x576.jpg 768w, https:\/\/surin79.fr\/wp-content\/uploads\/2024\/01\/IMG_20220824_090151-1536x1152.jpg 1536w, https:\/\/surin79.fr\/wp-content\/uploads\/2024\/01\/IMG_20220824_090151-2048x1536.jpg 2048w\" sizes=\"auto, (max-width: 1024px) 100vw, 1024px\" \/><figcaption class=\"wp-element-caption\">Vue du fond de la parcelle 1<\/figcaption><\/figure>\n\n\n\n<figure class=\"wp-block-image size-large\"><img loading=\"lazy\" decoding=\"async\" width=\"1024\" height=\"500\" data-id=\"1366\" src=\"https:\/\/surin79.fr\/wp-content\/uploads\/2024\/01\/Plan-Lotissement-1-1024x500.png\" alt=\"\" class=\"wp-image-1366\" srcset=\"https:\/\/surin79.fr\/wp-content\/uploads\/2024\/01\/Plan-Lotissement-1-1024x500.png 1024w, https:\/\/surin79.fr\/wp-content\/uploads\/2024\/01\/Plan-Lotissement-1-300x147.png 300w, https:\/\/surin79.fr\/wp-content\/uploads\/2024\/01\/Plan-Lotissement-1-768x375.png 768w, https:\/\/surin79.fr\/wp-content\/uploads\/2024\/01\/Plan-Lotissement-1-1536x750.png 1536w, https:\/\/surin79.fr\/wp-content\/uploads\/2024\/01\/Plan-Lotissement-1.png 1789w\" sizes=\"auto, (max-width: 1024px) 100vw, 1024px\" \/><\/figure>\n<\/figure>\n\n\n\n<p>6 parcelles de lotissement viabilis\u00e9es sont \u00e0 vendre dans le Bourg de Surin. Celles-ci se situent \u00e0 la sortie sud du bourg en lisi\u00e8re d&rsquo;un bois \u00e0 proximit\u00e9 de la mairie.<\/p>\n\n\n\n<div class=\"wp-block-file aligncenter\"><a id=\"wp-block-file--media-14f12ab9-5644-4025-a289-56a5cac626c7\" href=\"https:\/\/surin79.fr\/wp-content\/uploads\/2024\/01\/Plan-Lotissement-1.png\">Plan Lotissement  \u00e0 t\u00e9l\u00e9charger<\/a><a href=\"https:\/\/surin79.fr\/wp-content\/uploads\/2024\/01\/Plan-Lotissement-1.png\" class=\"wp-block-file__button wp-element-button\" download aria-describedby=\"wp-block-file--media-14f12ab9-5644-4025-a289-56a5cac626c7\">T\u00e9l\u00e9charger<\/a><\/div>\n\n\n\n<p class=\"has-text-align-center\"><strong>Le prix de vente est fix\u00e9 \u00e0 22 euros par m<sup>2<\/sup> hors taxe.<\/strong><\/p>\n\n\n\n<p>Renseignements en mairie <a href=\"https:\/\/surin79.fr\/?page_id=432\">(voir horaires d&rsquo;ouverture)<\/a>: 05 49 04 03 87  <\/p>\n\n\n\n<figure class=\"wp-block-table\"><table><tbody><tr><td>Num\u00e9ro de parcelle<\/td><td>Lot 1<\/td><td>Lot 2<\/td><td>Lot 3<\/td><td>Lot 4<\/td><td>Lot 5<\/td><td>Lot 6<\/td><td>Lot 7<\/td><td>Lot 8<\/td><td>Lot 9<\/td><\/tr><tr><td>Surface <\/td><td>1191 m<sup>2<\/sup><\/td><td>1195 m<sup>2<\/sup><\/td><td><mark style=\"background-color:rgba(0, 0, 0, 0)\" class=\"has-inline-color has-highlight-color\">Vendu<\/mark><\/td><td>1135 m<sup>2<\/sup><\/td><td>1345 m<sup>2<\/sup><\/td><td><mark style=\"background-color:rgba(0, 0, 0, 0)\" class=\"has-inline-color has-highlight-color\">Vendu<\/mark><\/td><td><mark style=\"background-color:rgba(0, 0, 0, 0)\" class=\"has-inline-color has-highlight-color\">Vendu<\/mark><\/td><td><mark style=\"background-color:rgba(0, 0, 0, 0)\" class=\"has-inline-color has-highlight-color\">Vendu<\/mark><\/td><td><mark style=\"background-color:rgba(0, 0, 0, 0)\" class=\"has-inline-color has-highlight-color\">Vendu<\/mark><\/td><\/tr><\/tbody><\/table><figcaption class=\"wp-element-caption\">Les parcelles en vente (actualis\u00e9 le 11 mars 2026)<\/figcaption><\/figure>\n\n\n\n<p>Le bourg poss\u00e8de une \u00e9cole accueillant les enfants de Surin et de Xaintray, ainsi qu&rsquo;une biblioth\u00e8que. La salle des f\u00eates agr\u00e9ment\u00e9e d&rsquo;un grand parc arbor\u00e9 parcouru par un ruisseau comportant un chemin de promenade et des jeux pour enfants est situ\u00e9 au c\u0153ur du village.<\/p>\n\n\n\n<p><\/p>\n\n\n\n<figure class=\"wp-block-gallery has-nested-images columns-default is-cropped wp-block-gallery-3 is-layout-flex wp-block-gallery-is-layout-flex\">\n<figure class=\"wp-block-image size-large\"><img loading=\"lazy\" decoding=\"async\" width=\"320\" height=\"240\" data-id=\"1671\" src=\"https:\/\/surin79.fr\/wp-content\/uploads\/2025\/10\/1000010245.jpg\" alt=\"\" class=\"wp-image-1671\" srcset=\"https:\/\/surin79.fr\/wp-content\/uploads\/2025\/10\/1000010245.jpg 320w, https:\/\/surin79.fr\/wp-content\/uploads\/2025\/10\/1000010245-300x225.jpg 300w\" sizes=\"auto, (max-width: 320px) 100vw, 320px\" \/><\/figure>\n\n\n\n<figure class=\"wp-block-image size-full\"><img loading=\"lazy\" decoding=\"async\" width=\"320\" height=\"240\" data-id=\"1672\" src=\"https:\/\/surin79.fr\/wp-content\/uploads\/2025\/10\/1000010248.jpg\" alt=\"\" class=\"wp-image-1672\" srcset=\"https:\/\/surin79.fr\/wp-content\/uploads\/2025\/10\/1000010248.jpg 320w, https:\/\/surin79.fr\/wp-content\/uploads\/2025\/10\/1000010248-300x225.jpg 300w\" sizes=\"auto, (max-width: 320px) 100vw, 320px\" \/><figcaption class=\"wp-element-caption\">Le parc<\/figcaption><\/figure>\n\n\n\n<figure class=\"wp-block-image size-large\"><img loading=\"lazy\" decoding=\"async\" width=\"768\" height=\"1024\" data-id=\"1104\" src=\"https:\/\/surin79.fr\/wp-content\/uploads\/2022\/08\/IMG_20220804_1023071-768x1024.jpg\" alt=\"\" class=\"wp-image-1104\" srcset=\"https:\/\/surin79.fr\/wp-content\/uploads\/2022\/08\/IMG_20220804_1023071-768x1024.jpg 768w, https:\/\/surin79.fr\/wp-content\/uploads\/2022\/08\/IMG_20220804_1023071-225x300.jpg 225w, https:\/\/surin79.fr\/wp-content\/uploads\/2022\/08\/IMG_20220804_1023071-1152x1536.jpg 1152w, https:\/\/surin79.fr\/wp-content\/uploads\/2022\/08\/IMG_20220804_1023071-1536x2048.jpg 1536w, https:\/\/surin79.fr\/wp-content\/uploads\/2022\/08\/IMG_20220804_1023071-scaled.jpg 1920w\" sizes=\"auto, (max-width: 768px) 100vw, 768px\" \/><figcaption class=\"wp-element-caption\">La salle des f\u00eates<\/figcaption><\/figure>\n\n\n\n<figure class=\"wp-block-image size-large\"><img loading=\"lazy\" decoding=\"async\" width=\"1024\" height=\"768\" data-id=\"902\" src=\"https:\/\/surin79.fr\/wp-content\/uploads\/2021\/12\/IMG_20210413_150201-1024x768.jpg\" alt=\"\" class=\"wp-image-902\" srcset=\"https:\/\/surin79.fr\/wp-content\/uploads\/2021\/12\/IMG_20210413_150201-1024x768.jpg 1024w, https:\/\/surin79.fr\/wp-content\/uploads\/2021\/12\/IMG_20210413_150201-300x225.jpg 300w, https:\/\/surin79.fr\/wp-content\/uploads\/2021\/12\/IMG_20210413_150201-768x576.jpg 768w, https:\/\/surin79.fr\/wp-content\/uploads\/2021\/12\/IMG_20210413_150201-1536x1152.jpg 1536w, https:\/\/surin79.fr\/wp-content\/uploads\/2021\/12\/IMG_20210413_150201-2048x1536.jpg 2048w\" sizes=\"auto, (max-width: 1024px) 100vw, 1024px\" \/><figcaption class=\"wp-element-caption\">La mairie<\/figcaption><\/figure>\n\n\n\n<figure class=\"wp-block-image size-large\"><img loading=\"lazy\" decoding=\"async\" width=\"1024\" height=\"683\" data-id=\"380\" src=\"https:\/\/surin79.fr\/wp-content\/uploads\/2021\/03\/IMG_8852-1024x683.jpg\" alt=\"\" class=\"wp-image-380\" srcset=\"https:\/\/surin79.fr\/wp-content\/uploads\/2021\/03\/IMG_8852-1024x683.jpg 1024w, https:\/\/surin79.fr\/wp-content\/uploads\/2021\/03\/IMG_8852-300x200.jpg 300w, https:\/\/surin79.fr\/wp-content\/uploads\/2021\/03\/IMG_8852-768x512.jpg 768w, https:\/\/surin79.fr\/wp-content\/uploads\/2021\/03\/IMG_8852-1536x1024.jpg 1536w, https:\/\/surin79.fr\/wp-content\/uploads\/2021\/03\/IMG_8852-2048x1365.jpg 2048w\" sizes=\"auto, (max-width: 1024px) 100vw, 1024px\" \/><figcaption class=\"wp-element-caption\">L&rsquo;\u00e9cole Surin-Xaintray<\/figcaption><\/figure>\n<\/figure>\n","protected":false},"excerpt":{"rendered":"<p>Parcelles de la commune \u00e0 vendre ! 6 parcelles de lotissement viabilis\u00e9es sont \u00e0 vendre dans le Bourg de Surin. Celles-ci se situent \u00e0 la sortie sud du bourg en lisi\u00e8re d&rsquo;un bois \u00e0 proximit\u00e9 de la mairie. Le prix de vente est fix\u00e9 \u00e0 22 euros par m2 hors<\/p>\n","protected":false},"author":1,"featured_media":0,"parent":0,"menu_order":0,"comment_status":"closed","ping_status":"closed","template":"","meta":{"footnotes":""},"class_list":["post-1357","page","type-page","status-publish","hentry"],"_links":{"self":[{"href":"https:\/\/surin79.fr\/index.php?rest_route=\/wp\/v2\/pages\/1357","targetHints":{"allow":["GET"]}}],"collection":[{"href":"https:\/\/surin79.fr\/index.php?rest_route=\/wp\/v2\/pages"}],"about":[{"href":"https:\/\/surin79.fr\/index.php?rest_route=\/wp\/v2\/types\/page"}],"author":[{"embeddable":true,"href":"https:\/\/surin79.fr\/index.php?rest_route=\/wp\/v2\/users\/1"}],"replies":[{"embeddable":true,"href":"https:\/\/surin79.fr\/index.php?rest_route=%2Fwp%2Fv2%2Fcomments&post=1357"}],"version-history":[{"count":22,"href":"https:\/\/surin79.fr\/index.php?rest_route=\/wp\/v2\/pages\/1357\/revisions"}],"predecessor-version":[{"id":1768,"href":"https:\/\/surin79.fr\/index.php?rest_route=\/wp\/v2\/pages\/1357\/revisions\/1768"}],"wp:attachment":[{"href":"https:\/\/surin79.fr\/index.php?rest_route=%2Fwp%2Fv2%2Fmedia&parent=1357"}],"curies":[{"name":"wp","href":"https:\/\/api.w.org\/{rel}","templated":true}]}}