{"id":315,"date":"2021-03-21T17:39:23","date_gmt":"2021-03-21T16:39:23","guid":{"rendered":"http:\/\/surin79.fr\/?page_id=315"},"modified":"2025-10-30T10:58:42","modified_gmt":"2025-10-30T09:58:42","slug":"les-services-de-la-commune","status":"publish","type":"page","link":"https:\/\/surin79.fr\/?page_id=315","title":{"rendered":"Les services de la commune"},"content":{"rendered":"\n<p class=\"has-large-font-size\">La salle des f\u00eates<\/p>\n\n\n\n<p class=\"has-text-align-left\">D&rsquo;une surface de 150 m<sup>2<\/sup>, la salle des f\u00eates se situe dans le bourg de SURIN pr\u00e8s de la mairie \u00e0 proximit\u00e9 de l&rsquo;\u00e9glise. Elle est dot\u00e9e d&rsquo;une cuisine, d&rsquo;un bar ainsi que d&rsquo;une sc\u00e8ne. Sa capacit\u00e9 est de 186 personnes et se r\u00e9duit \u00e0 120 en couverts.<\/p>\n\n\n\n<p>La salle est modulable: une cloison amovible permet de n&rsquo;en utiliser qu&rsquo;une partie soit 75 m<sup>2<\/sup>, selon l&rsquo;utilisation souhait\u00e9e.<\/p>\n\n\n\n<figure class=\"wp-block-gallery has-nested-images columns-default is-cropped wp-block-gallery-1 is-layout-flex wp-block-gallery-is-layout-flex\">\n<figure class=\"wp-block-image size-large\"><img loading=\"lazy\" decoding=\"async\" width=\"1920\" height=\"2560\" data-id=\"1091\" src=\"https:\/\/surin79.fr\/wp-content\/uploads\/2022\/08\/IMG_20220419_093550-scaled.jpg\" alt=\"\" class=\"wp-image-1091\" srcset=\"https:\/\/surin79.fr\/wp-content\/uploads\/2022\/08\/IMG_20220419_093550-scaled.jpg 1920w, https:\/\/surin79.fr\/wp-content\/uploads\/2022\/08\/IMG_20220419_093550-225x300.jpg 225w, https:\/\/surin79.fr\/wp-content\/uploads\/2022\/08\/IMG_20220419_093550-768x1024.jpg 768w, https:\/\/surin79.fr\/wp-content\/uploads\/2022\/08\/IMG_20220419_093550-1152x1536.jpg 1152w, https:\/\/surin79.fr\/wp-content\/uploads\/2022\/08\/IMG_20220419_093550-1536x2048.jpg 1536w\" sizes=\"auto, (max-width: 1920px) 100vw, 1920px\" \/><figcaption class=\"wp-element-caption\">Partie gauche avec parquet en bois.<\/figcaption><\/figure>\n\n\n\n<figure class=\"wp-block-image size-large\"><img loading=\"lazy\" decoding=\"async\" width=\"1024\" height=\"534\" data-id=\"1255\" src=\"https:\/\/surin79.fr\/wp-content\/uploads\/2023\/04\/page-9-salle-des-fetes-1024x534.jpg\" alt=\"\" class=\"wp-image-1255\" srcset=\"https:\/\/surin79.fr\/wp-content\/uploads\/2023\/04\/page-9-salle-des-fetes-1024x534.jpg 1024w, https:\/\/surin79.fr\/wp-content\/uploads\/2023\/04\/page-9-salle-des-fetes-300x156.jpg 300w, https:\/\/surin79.fr\/wp-content\/uploads\/2023\/04\/page-9-salle-des-fetes-768x401.jpg 768w, https:\/\/surin79.fr\/wp-content\/uploads\/2023\/04\/page-9-salle-des-fetes-1536x801.jpg 1536w, https:\/\/surin79.fr\/wp-content\/uploads\/2023\/04\/page-9-salle-des-fetes-2048x1068.jpg 2048w\" sizes=\"auto, (max-width: 1024px) 100vw, 1024px\" \/><figcaption class=\"wp-element-caption\">les deux parties ouvertes<\/figcaption><\/figure>\n\n\n\n<figure class=\"wp-block-image size-large\"><img loading=\"lazy\" decoding=\"async\" width=\"1920\" height=\"2560\" data-id=\"1093\" src=\"https:\/\/surin79.fr\/wp-content\/uploads\/2022\/08\/IMG_20220419_094637-scaled.jpg\" alt=\"\" class=\"wp-image-1093\" srcset=\"https:\/\/surin79.fr\/wp-content\/uploads\/2022\/08\/IMG_20220419_094637-scaled.jpg 1920w, https:\/\/surin79.fr\/wp-content\/uploads\/2022\/08\/IMG_20220419_094637-225x300.jpg 225w, https:\/\/surin79.fr\/wp-content\/uploads\/2022\/08\/IMG_20220419_094637-768x1024.jpg 768w, https:\/\/surin79.fr\/wp-content\/uploads\/2022\/08\/IMG_20220419_094637-1152x1536.jpg 1152w, https:\/\/surin79.fr\/wp-content\/uploads\/2022\/08\/IMG_20220419_094637-1536x2048.jpg 1536w\" sizes=\"auto, (max-width: 1920px) 100vw, 1920px\" \/><figcaption class=\"wp-element-caption\">Partie droite<\/figcaption><\/figure>\n<\/figure>\n\n\n\n<p>Elle peut \u00eatre utilis\u00e9e par toute personne ou association, qu&rsquo;elle  soit de la commune ou hors commune. <strong>Les tarifs sont accessibles en cliquant sur <a rel=\"noreferrer noopener\" href=\"https:\/\/surin79.fr\/?page_id=556\" target=\"_blank\">ce lien<\/a><\/strong>.<\/p>\n\n\n\n<p>Pour tous renseignements ou r\u00e9servations, s&rsquo;adresser au secr\u00e9tariat de Mairie (<strong>05 49 04 03 87<\/strong>&#8211; <strong>mairie@surin79.fr<\/strong>)<\/p>\n\n\n\n<p class=\"has-large-font-size\">L&rsquo;\u00e9cole<\/p>\n\n\n\n<p class=\"has-text-align-left\">Situ\u00e9e \u00e0 la sortie nord du bourg de Surin, elle fonctionne en <a href=\"https:\/\/surin79.fr\/?page_id=656\" target=\"_blank\" rel=\"noreferrer noopener\">regroupement p\u00e9dagogique intercommunal concentr\u00e9 <strong>(RPIC)<\/strong><\/a><strong> <\/strong>avec la communes de Xaintray. Le RPIC est centralis\u00e9 \u00e0 Surin au sein de l&rsquo;\u00e9cole \u00ab\u00a0Surin-Xaintray\u00a0\u00bb. Il y a trois classes (PS\/MS\/GS\/CP-CP\/CE1\/CE2-CE2\/CM1\/CM2), ce qui constitue un effectif de 63 \u00e9l\u00e8ves.<\/p>\n\n\n\n<figure class=\"wp-block-image size-large\"><img loading=\"lazy\" decoding=\"async\" width=\"1024\" height=\"768\" src=\"https:\/\/surin79.fr\/wp-content\/uploads\/2025\/07\/IMG_20230720_104925-1024x768.jpg\" alt=\"\" class=\"wp-image-1601\" srcset=\"https:\/\/surin79.fr\/wp-content\/uploads\/2025\/07\/IMG_20230720_104925-1024x768.jpg 1024w, https:\/\/surin79.fr\/wp-content\/uploads\/2025\/07\/IMG_20230720_104925-300x225.jpg 300w, https:\/\/surin79.fr\/wp-content\/uploads\/2025\/07\/IMG_20230720_104925-768x576.jpg 768w, https:\/\/surin79.fr\/wp-content\/uploads\/2025\/07\/IMG_20230720_104925-1536x1152.jpg 1536w, https:\/\/surin79.fr\/wp-content\/uploads\/2025\/07\/IMG_20230720_104925-2048x1536.jpg 2048w\" sizes=\"auto, (max-width: 1024px) 100vw, 1024px\" \/><figcaption class=\"wp-element-caption\">smart<\/figcaption><\/figure>\n\n\n\n<p>Le temps scolaire est r\u00e9parti sur 4 jours de 9h \u00e0 12h et de 13h30 \u00e0 16h30. Un accueil p\u00e9riscolaire est organis\u00e9 par le <a href=\"https:\/\/surin79.fr\/?page_id=656\" target=\"_blank\" rel=\"noreferrer noopener\">SIVU<\/a> de 7h30 \u00e0 8h50 le matin et de 16h30 \u00e0 18h30 l&rsquo;apr\u00e8s-midi.<\/p>\n\n\n\n<p>La restauration est assur\u00e9e sur site avec des repas enti\u00e8rement faits par le cuisinier M. RAPHEL. <\/p>\n\n\n\n<p class=\"has-text-align-center\"><strong>Les tarifs  de la garderie et de la cantine sont accessibles en cliquant sur <a rel=\"noreferrer noopener\" href=\"https:\/\/surin79.fr\/?page_id=540\" target=\"_blank\">ce lien<\/a>.<\/strong><\/p>\n\n\n\n<figure class=\"wp-block-image size-large\"><img loading=\"lazy\" decoding=\"async\" width=\"1024\" height=\"683\" src=\"https:\/\/surin79.fr\/wp-content\/uploads\/2021\/03\/DSCN3497-1024x683.jpg\" alt=\"\" class=\"wp-image-357\" srcset=\"https:\/\/surin79.fr\/wp-content\/uploads\/2021\/03\/DSCN3497-1024x683.jpg 1024w, https:\/\/surin79.fr\/wp-content\/uploads\/2021\/03\/DSCN3497-300x200.jpg 300w, https:\/\/surin79.fr\/wp-content\/uploads\/2021\/03\/DSCN3497-768x512.jpg 768w, https:\/\/surin79.fr\/wp-content\/uploads\/2021\/03\/DSCN3497-1536x1024.jpg 1536w, https:\/\/surin79.fr\/wp-content\/uploads\/2021\/03\/DSCN3497-2048x1365.jpg 2048w\" sizes=\"auto, (max-width: 1024px) 100vw, 1024px\" \/><\/figure>\n\n\n\n<p class=\"has-text-align-center has-medium-font-size\"><a href=\"https:\/\/surin79.fr\/?page_id=965\" target=\"_blank\" rel=\"noreferrer noopener\">Mairie de Surin-Mentions l\u00e9gales<\/a><\/p>\n","protected":false},"excerpt":{"rendered":"<p>La salle des f\u00eates D&rsquo;une surface de 150 m2, la salle des f\u00eates se situe dans le bourg de SURIN pr\u00e8s de la mairie \u00e0 proximit\u00e9 de l&rsquo;\u00e9glise. Elle est dot\u00e9e d&rsquo;une cuisine, d&rsquo;un bar ainsi que d&rsquo;une sc\u00e8ne. Sa capacit\u00e9 est de 186 personnes et se r\u00e9duit \u00e0 120<\/p>\n","protected":false},"author":1,"featured_media":1104,"parent":0,"menu_order":0,"comment_status":"closed","ping_status":"closed","template":"","meta":{"footnotes":""},"class_list":["post-315","page","type-page","status-publish","has-post-thumbnail","hentry"],"_links":{"self":[{"href":"https:\/\/surin79.fr\/index.php?rest_route=\/wp\/v2\/pages\/315","targetHints":{"allow":["GET"]}}],"collection":[{"href":"https:\/\/surin79.fr\/index.php?rest_route=\/wp\/v2\/pages"}],"about":[{"href":"https:\/\/surin79.fr\/index.php?rest_route=\/wp\/v2\/types\/page"}],"author":[{"embeddable":true,"href":"https:\/\/surin79.fr\/index.php?rest_route=\/wp\/v2\/users\/1"}],"replies":[{"embeddable":true,"href":"https:\/\/surin79.fr\/index.php?rest_route=%2Fwp%2Fv2%2Fcomments&post=315"}],"version-history":[{"count":44,"href":"https:\/\/surin79.fr\/index.php?rest_route=\/wp\/v2\/pages\/315\/revisions"}],"predecessor-version":[{"id":1667,"href":"https:\/\/surin79.fr\/index.php?rest_route=\/wp\/v2\/pages\/315\/revisions\/1667"}],"wp:featuredmedia":[{"embeddable":true,"href":"https:\/\/surin79.fr\/index.php?rest_route=\/wp\/v2\/media\/1104"}],"wp:attachment":[{"href":"https:\/\/surin79.fr\/index.php?rest_route=%2Fwp%2Fv2%2Fmedia&parent=315"}],"curies":[{"name":"wp","href":"https:\/\/api.w.org\/{rel}","templated":true}]}}