{"id":432,"date":"2021-04-06T19:30:03","date_gmt":"2021-04-06T17:30:03","guid":{"rendered":"https:\/\/surin79.fr\/?page_id=432"},"modified":"2025-11-26T12:03:19","modified_gmt":"2025-11-26T11:03:19","slug":"nous-contacter","status":"publish","type":"page","link":"https:\/\/surin79.fr\/?page_id=432","title":{"rendered":"Nous contacter."},"content":{"rendered":"\n<p class=\"has-white-background-color has-background\">Pour tout renseignement n&rsquo;h\u00e9sitez pas \u00e0 pousser la porte de la mairie aux horaires indiqu\u00e9s ci-dessous :<\/p>\n\n\n\n<figure class=\"wp-block-table\"><table><tbody><tr><td class=\"has-text-align-center\" data-align=\"center\">Lundi, mercredi et jeudi<\/td><td class=\"has-text-align-center\" data-align=\"center\">Vendredi<\/td><\/tr><tr><td class=\"has-text-align-center\" data-align=\"center\">8h30 \u00e0 12h<\/td><td class=\"has-text-align-center\" data-align=\"center\">13h30 \u00e0 17h<\/td><\/tr><\/tbody><\/table><\/figure>\n\n\n<div class=\"wp-block-image is-resized\">\n<figure class=\"aligncenter size-large\"><img loading=\"lazy\" decoding=\"async\" width=\"387\" height=\"310\" src=\"https:\/\/surin79.fr\/wp-content\/uploads\/2021\/06\/horaire-bis.jpg\" alt=\"\" class=\"wp-image-716\" srcset=\"https:\/\/surin79.fr\/wp-content\/uploads\/2021\/06\/horaire-bis.jpg 387w, https:\/\/surin79.fr\/wp-content\/uploads\/2021\/06\/horaire-bis-300x240.jpg 300w\" sizes=\"auto, (max-width: 387px) 100vw, 387px\" \/><\/figure>\n<\/div>\n\n\n<p>Il est aussi possible de nous contacter par t\u00e9l\u00e9phone ou courriel :<\/p>\n\n\n\n<p class=\"has-text-align-center\">T\u00e9l. 05 49 04 03 87 <\/p>\n\n\n\n<p><\/p>\n\n\n\n<p class=\"has-text-align-center\">Courriel : mairie@surin79.fr<\/p>\n\n\n\n<p class=\"has-text-align-center has-medium-font-size\"><a href=\"https:\/\/surin79.fr\/?page_id=965\" target=\"_blank\" rel=\"noreferrer noopener\">Mairie de Surin-Mentions l\u00e9gales<\/a><\/p>\n","protected":false},"excerpt":{"rendered":"<p>Pour tout renseignement n&rsquo;h\u00e9sitez pas \u00e0 pousser la porte de la mairie aux horaires indiqu\u00e9s ci-dessous : Lundi, mercredi et jeudi Vendredi 8h30 \u00e0 12h 13h30 \u00e0 17h Il est aussi possible de nous contacter par t\u00e9l\u00e9phone ou courriel : T\u00e9l. 05 49 04 03 87 Courriel : mairie@surin79.fr<\/p>\n","protected":false},"author":1,"featured_media":498,"parent":0,"menu_order":0,"comment_status":"closed","ping_status":"closed","template":"","meta":{"footnotes":""},"class_list":["post-432","page","type-page","status-publish","has-post-thumbnail","hentry"],"_links":{"self":[{"href":"https:\/\/surin79.fr\/index.php?rest_route=\/wp\/v2\/pages\/432","targetHints":{"allow":["GET"]}}],"collection":[{"href":"https:\/\/surin79.fr\/index.php?rest_route=\/wp\/v2\/pages"}],"about":[{"href":"https:\/\/surin79.fr\/index.php?rest_route=\/wp\/v2\/types\/page"}],"author":[{"embeddable":true,"href":"https:\/\/surin79.fr\/index.php?rest_route=\/wp\/v2\/users\/1"}],"replies":[{"embeddable":true,"href":"https:\/\/surin79.fr\/index.php?rest_route=%2Fwp%2Fv2%2Fcomments&post=432"}],"version-history":[{"count":21,"href":"https:\/\/surin79.fr\/index.php?rest_route=\/wp\/v2\/pages\/432\/revisions"}],"predecessor-version":[{"id":1690,"href":"https:\/\/surin79.fr\/index.php?rest_route=\/wp\/v2\/pages\/432\/revisions\/1690"}],"wp:featuredmedia":[{"embeddable":true,"href":"https:\/\/surin79.fr\/index.php?rest_route=\/wp\/v2\/media\/498"}],"wp:attachment":[{"href":"https:\/\/surin79.fr\/index.php?rest_route=%2Fwp%2Fv2%2Fmedia&parent=432"}],"curies":[{"name":"wp","href":"https:\/\/api.w.org\/{rel}","templated":true}]}}