{"id":609,"date":"2021-04-27T11:02:13","date_gmt":"2021-04-27T09:02:13","guid":{"rendered":"https:\/\/surin79.fr\/?page_id=609"},"modified":"2026-01-31T18:57:30","modified_gmt":"2026-01-31T17:57:30","slug":"les-associations","status":"publish","type":"page","link":"https:\/\/surin79.fr\/?page_id=609","title":{"rendered":"Les associations"},"content":{"rendered":"<div class=\"wp-block-image\">\n<figure class=\"aligncenter size-large is-resized\"><img decoding=\"async\" src=\"https:\/\/surin79.fr\/wp-content\/uploads\/2021\/02\/ASSOS.jpg\" alt=\"\" style=\"width:282px;height:244px\"\/><\/figure>\n<\/div>\n\n\n<p><strong>\u200bLes amis r\u00e9unis &#8211; club des a\u00een\u00e9s<\/strong><\/p>\n\n\n\n<p>Des rencontres sont organis\u00e9es \u00e0 raison d\u2019un jeudi tous les 15 jours, auxquelles s\u2019ajoutent les moments incontournables de l\u2019ann\u00e9e comme la galette des rois et les deux repas annuels.<\/p>\n\n\n\n<p><strong>ACCA<\/strong><\/p>\n\n\n\n<p>Une cinquantaine d&rsquo;adh\u00e9rents fait vivre cette association de chasse, dont le local est situ\u00e9 aux Alleufs.   Les pr\u00e9l\u00e8vements d\u2019animaux sont adapt\u00e9s en fonction de l\u2019\u00e9tat des populations. Ils entretiennent des \u00e9grainoirs et abreuvoirs, r\u00e9partis sur l\u2019ensemble de la commune. De plus l\u2019association participe \u00e0 l&rsquo;entretien de notre environnement comme par exemple la plantation d&rsquo;une haie de 300 m de long, \u00e0 proximit\u00e9 des Alleufs. <\/p>\n\n\n\n<p><strong>La biblioth\u00e8que<\/strong><\/p>\n\n\n\n<p>Elle est situ\u00e9e dans l\u2019enceinte de l\u2019\u00e9cole de SURIN, elle accueille les \u00e9l\u00e8ves de l\u2019\u00e9cole primaire une fois par mois. Elle est ouverte aux petits et grands les 1er et 3\u00e8me samedis de chaque mois de 10 h \u00e0 12h.<\/p>\n\n\n<div class=\"wp-block-image\">\n<figure class=\"aligncenter size-large\"><img loading=\"lazy\" decoding=\"async\" width=\"1024\" height=\"575\" src=\"https:\/\/surin79.fr\/wp-content\/uploads\/2021\/03\/IMG_2684-2-1024x575.jpg\" alt=\"\" class=\"wp-image-373\" srcset=\"https:\/\/surin79.fr\/wp-content\/uploads\/2021\/03\/IMG_2684-2-1024x575.jpg 1024w, https:\/\/surin79.fr\/wp-content\/uploads\/2021\/03\/IMG_2684-2-300x169.jpg 300w, https:\/\/surin79.fr\/wp-content\/uploads\/2021\/03\/IMG_2684-2-768x432.jpg 768w, https:\/\/surin79.fr\/wp-content\/uploads\/2021\/03\/IMG_2684-2-1536x863.jpg 1536w, https:\/\/surin79.fr\/wp-content\/uploads\/2021\/03\/IMG_2684-2-2048x1151.jpg 2048w\" sizes=\"auto, (max-width: 1024px) 100vw, 1024px\" \/><figcaption class=\"wp-element-caption\">Quelques ouvrages que l&rsquo;on peut emprunter.<\/figcaption><\/figure>\n<\/div>\n\n\n<p>Retrouvez les nouveaut\u00e9s et le catalogue sur <a href=\"https:\/\/mediatheque-surin.c3rb.org\/\" target=\"_blank\" rel=\"noreferrer noopener\">le site internet de la biblioth\u00e8que<\/a>.<\/p>\n\n\n\n<p><strong>\u200bLe comit\u00e9 des f\u00eates<\/strong><\/p>\n\n\n\n<p>Chaque ann\u00e9e le comit\u00e9 des f\u00eates organise un vide grenier ainsi qu\u2019une f\u00eate de la musique. Il y a actuellement 3 membres permanents.<\/p>\n\n\n\n<p><strong>\u200bLa gym volontaire<\/strong><\/p>\n\n\n\n<p>L\u2019association accueille toute personne d\u00e9sireuse de pratiquer la gymnastique<\/p>\n\n\n\n<p>La GV , une association en pleine forme tout simplement les : lundi \u00e0 10h \/ s\u00e9niors<\/p>\n\n\n\n<p>&nbsp; &nbsp; &nbsp; &nbsp; &nbsp; &nbsp; &nbsp; &nbsp; &nbsp; &nbsp; &nbsp; &nbsp; &nbsp; &nbsp; &nbsp; &nbsp; &nbsp; &nbsp; &nbsp; &nbsp; &nbsp; &nbsp; &nbsp; &nbsp; &nbsp; &nbsp; &nbsp; &nbsp; &nbsp; &nbsp; &nbsp; &nbsp; &nbsp; &nbsp; &nbsp; &nbsp; &nbsp; &nbsp; &nbsp; &nbsp; &nbsp; &nbsp; &nbsp; &nbsp; &nbsp; &nbsp; &nbsp; &nbsp; &nbsp; &nbsp; &nbsp; mercredi \u00e0 17h et 18h15 \/pilates&nbsp;<\/p>\n\n\n\n<p>&nbsp; &nbsp; &nbsp; &nbsp; &nbsp; &nbsp; &nbsp; &nbsp; &nbsp; &nbsp; &nbsp; &nbsp; &nbsp; &nbsp; &nbsp; &nbsp; &nbsp; &nbsp; &nbsp; &nbsp; &nbsp; &nbsp; &nbsp; &nbsp; &nbsp; &nbsp; &nbsp; &nbsp; &nbsp; &nbsp; &nbsp; &nbsp; &nbsp; &nbsp; &nbsp; &nbsp; &nbsp; &nbsp; &nbsp; &nbsp; &nbsp; &nbsp; &nbsp; &nbsp; &nbsp; &nbsp; &nbsp; &nbsp; &nbsp; &nbsp; &nbsp; jeudi \u00e0 19h30 \/ adultes&nbsp;<\/p>\n\n\n\n<p>A la salle Albert Peltriaux de La V\u00e9qui\u00e8re.<\/p>\n\n\n\n<p><strong>LA L&rsquo;Egray&rsquo;s club<\/strong><\/p>\n\n\n\n<p>LA L&rsquo;Egray&rsquo;s Club est un club de course \u00e0 pied qui regroupe des femmes et des hommes qui partagent la passion de courir dans les chemins ou sur route. Une quarantaine de membres de 16 \u00e0 75 ans de tous niveaux se retrouve le dimanche matin selon les capacit\u00e9s de chacun.<\/p>\n\n\n\n<p>Une section marche existe aussi. Vous pouvez les retrouver sur <a rel=\"noreferrer noopener\" href=\"http:\/\/www.la-legrays-club.fr\/\" target=\"_blank\">leur site<\/a>.<\/p>\n\n\n<div class=\"wp-block-image\">\n<figure class=\"aligncenter size-large\"><img loading=\"lazy\" decoding=\"async\" width=\"768\" height=\"1024\" src=\"https:\/\/surin79.fr\/wp-content\/uploads\/2022\/08\/IMG_20220227_103751-768x1024.jpg\" alt=\"\" class=\"wp-image-1099\" srcset=\"https:\/\/surin79.fr\/wp-content\/uploads\/2022\/08\/IMG_20220227_103751-768x1024.jpg 768w, https:\/\/surin79.fr\/wp-content\/uploads\/2022\/08\/IMG_20220227_103751-225x300.jpg 225w, https:\/\/surin79.fr\/wp-content\/uploads\/2022\/08\/IMG_20220227_103751-1152x1536.jpg 1152w, https:\/\/surin79.fr\/wp-content\/uploads\/2022\/08\/IMG_20220227_103751-1536x2048.jpg 1536w, https:\/\/surin79.fr\/wp-content\/uploads\/2022\/08\/IMG_20220227_103751-scaled.jpg 1920w\" sizes=\"auto, (max-width: 768px) 100vw, 768px\" \/><figcaption class=\"wp-element-caption\">Passage dans l&rsquo;eau lors du Trail du Val d&rsquo;Egray Edition 2022.<\/figcaption><\/figure>\n<\/div>\n\n\n<p><strong>L\u2019APE du RPI Cours &#8211; Surin &#8211; Xaintray<\/strong><\/p>\n\n\n\n<p>C\u2019est l\u2019association des parents d\u2019\u00e9l\u00e8ves de la commune mais aussi des deux autres communes associ\u00e9es \u00e0 notre \u00e9cole. Elle a pour but&nbsp; d\u2019aider les enfants, les parents et les enseignants afin que tous puissent r\u00e9aliser leurs projets.<\/p>\n\n\n\n<p>L&rsquo;APE peut \u00eatre contact\u00e9e au mail suivant: apensemblesx79@orange.fr.<\/p>\n\n\n\n<p>Elle est aussi sur facebook: <a href=\"https:\/\/www.facebook.com\/profile.php?id=100086606228298\" target=\"_blank\" rel=\"noreferrer noopener\">cliquer ici<\/a>.<\/p>\n\n\n\n<p class=\"has-text-align-center has-medium-font-size\"><a href=\"https:\/\/surin79.fr\/?page_id=965\" target=\"_blank\" rel=\"noreferrer noopener\">Mairie de Surin-Mentions l\u00e9gales<\/a><\/p>\n","protected":false},"excerpt":{"rendered":"<p>\u200bLes amis r\u00e9unis &#8211; club des a\u00een\u00e9s Des rencontres sont organis\u00e9es \u00e0 raison d\u2019un jeudi tous les 15 jours, auxquelles s\u2019ajoutent les moments incontournables de l\u2019ann\u00e9e comme la galette des rois et les deux repas annuels. ACCA Une cinquantaine d&rsquo;adh\u00e9rents fait vivre cette association de chasse, dont le local est<\/p>\n","protected":false},"author":1,"featured_media":0,"parent":0,"menu_order":0,"comment_status":"closed","ping_status":"closed","template":"","meta":{"footnotes":""},"class_list":["post-609","page","type-page","status-publish","hentry"],"_links":{"self":[{"href":"https:\/\/surin79.fr\/index.php?rest_route=\/wp\/v2\/pages\/609","targetHints":{"allow":["GET"]}}],"collection":[{"href":"https:\/\/surin79.fr\/index.php?rest_route=\/wp\/v2\/pages"}],"about":[{"href":"https:\/\/surin79.fr\/index.php?rest_route=\/wp\/v2\/types\/page"}],"author":[{"embeddable":true,"href":"https:\/\/surin79.fr\/index.php?rest_route=\/wp\/v2\/users\/1"}],"replies":[{"embeddable":true,"href":"https:\/\/surin79.fr\/index.php?rest_route=%2Fwp%2Fv2%2Fcomments&post=609"}],"version-history":[{"count":23,"href":"https:\/\/surin79.fr\/index.php?rest_route=\/wp\/v2\/pages\/609\/revisions"}],"predecessor-version":[{"id":1748,"href":"https:\/\/surin79.fr\/index.php?rest_route=\/wp\/v2\/pages\/609\/revisions\/1748"}],"wp:attachment":[{"href":"https:\/\/surin79.fr\/index.php?rest_route=%2Fwp%2Fv2%2Fmedia&parent=609"}],"curies":[{"name":"wp","href":"https:\/\/api.w.org\/{rel}","templated":true}]}}