{"id":667,"date":"2021-04-28T11:59:06","date_gmt":"2021-04-28T09:59:06","guid":{"rendered":"https:\/\/surin79.fr\/?page_id=667"},"modified":"2026-03-23T17:05:44","modified_gmt":"2026-03-23T16:05:44","slug":"les-comptes-rendus-de-conseil-municipal","status":"publish","type":"page","link":"https:\/\/surin79.fr\/?page_id=667","title":{"rendered":"Les proc\u00e8s-verbaux de conseil municipal"},"content":{"rendered":"\n<div class=\"wp-block-media-text alignwide is-stacked-on-mobile\"><figure class=\"wp-block-media-text__media\"><img loading=\"lazy\" decoding=\"async\" width=\"562\" height=\"318\" src=\"https:\/\/surin79.fr\/wp-content\/uploads\/2021\/04\/compte-rendu-CM-562-318.jpg\" alt=\"\" class=\"wp-image-514 size-full\" srcset=\"https:\/\/surin79.fr\/wp-content\/uploads\/2021\/04\/compte-rendu-CM-562-318.jpg 562w, https:\/\/surin79.fr\/wp-content\/uploads\/2021\/04\/compte-rendu-CM-562-318-300x170.jpg 300w\" sizes=\"auto, (max-width: 562px) 100vw, 562px\" \/><\/figure><div class=\"wp-block-media-text__content\">\n<p style=\"font-size:15px\">Le conseil se r\u00e9unit chaque deuxi\u00e8me jeudi du mois. La r\u00e9union est publique et se tient dans la salle de r\u00e9union de la mairie. C&rsquo;est le moment de faire le point sur le fonctionnement de la commune et de l&rsquo;avanc\u00e9 des projets.  De m\u00eame, chaque commission peut, si n\u00e9cessaire, pr\u00e9senter un bilan du travail fait depuis un mois.<\/p>\n<\/div><\/div>\n\n\n\n<div class=\"wp-block-media-text alignwide has-media-on-the-right is-stacked-on-mobile\"><div class=\"wp-block-media-text__content\">\n<p style=\"font-size:15px\">Ci-dessous, vous trouverez les proc\u00e8s-verbaux approuv\u00e9s par le conseil municipal. Celui du mois pr\u00e9c\u00e9dent est aussi en lecture libre sur le panneau d&rsquo;affichage de la mairie, de La V\u00e9qui\u00e8re (route de Fourbeau) et des Alleufs (route de Surin).<\/p>\n<\/div><figure class=\"wp-block-media-text__media\"><img loading=\"lazy\" decoding=\"async\" width=\"300\" height=\"300\" src=\"https:\/\/surin79.fr\/wp-content\/uploads\/2021\/04\/ico_compte_rendu-300x300.png\" alt=\"\" class=\"wp-image-520 size-medium\" srcset=\"https:\/\/surin79.fr\/wp-content\/uploads\/2021\/04\/ico_compte_rendu.png 300w, https:\/\/surin79.fr\/wp-content\/uploads\/2021\/04\/ico_compte_rendu-150x150.png 150w\" sizes=\"auto, (max-width: 300px) 100vw, 300px\" \/><\/figure><\/div>\n\n\n\n<div class=\"wp-block-file\"><a id=\"wp-block-file--media-6124f562-4593-4552-bdb3-63e8b3f89260\" href=\"https:\/\/surin79.fr\/wp-content\/uploads\/2026\/03\/Tableau-des-Deliberations-20-03-2026.pdf\">Tableau des Deliberations 20 03 2026<\/a><a href=\"https:\/\/surin79.fr\/wp-content\/uploads\/2026\/03\/Tableau-des-Deliberations-20-03-2026.pdf\" class=\"wp-block-file__button wp-element-button\" download aria-describedby=\"wp-block-file--media-6124f562-4593-4552-bdb3-63e8b3f89260\">T\u00e9l\u00e9charger<\/a><\/div>\n\n\n\n<div class=\"wp-block-file\"><a id=\"wp-block-file--media-a94865b3-2da0-4658-adfb-81786996eeeb\" href=\"https:\/\/surin79.fr\/wp-content\/uploads\/2026\/03\/Seance-du-2026.03.12.pdf\">S\u00e9ance du 2026.03.12<\/a><a href=\"https:\/\/surin79.fr\/wp-content\/uploads\/2026\/03\/Seance-du-2026.03.12.pdf\" class=\"wp-block-file__button wp-element-button\" download aria-describedby=\"wp-block-file--media-a94865b3-2da0-4658-adfb-81786996eeeb\">T\u00e9l\u00e9charger<\/a><\/div>\n\n\n\n<div class=\"wp-block-file\"><a id=\"wp-block-file--media-e1ba5952-46bf-47d8-a12d-ea2d65844dad\" href=\"https:\/\/surin79.fr\/wp-content\/uploads\/2026\/03\/Tableau-des-Deliberations-12-03-2026.pdf\">Tableau des Deliberations 12 03 2026<\/a><a href=\"https:\/\/surin79.fr\/wp-content\/uploads\/2026\/03\/Tableau-des-Deliberations-12-03-2026.pdf\" class=\"wp-block-file__button wp-element-button\" download aria-describedby=\"wp-block-file--media-e1ba5952-46bf-47d8-a12d-ea2d65844dad\">T\u00e9l\u00e9charger<\/a><\/div>\n\n\n\n<div class=\"wp-block-file\"><a id=\"wp-block-file--media-57d75e28-fd90-4061-bfad-51c498c38566\" href=\"https:\/\/surin79.fr\/wp-content\/uploads\/2026\/03\/Seance-du-2026.02.05.pdf\">S\u00e9ance du 2026.02.05<\/a><a href=\"https:\/\/surin79.fr\/wp-content\/uploads\/2026\/03\/Seance-du-2026.02.05.pdf\" class=\"wp-block-file__button wp-element-button\" download aria-describedby=\"wp-block-file--media-57d75e28-fd90-4061-bfad-51c498c38566\">T\u00e9l\u00e9charger<\/a><\/div>\n\n\n\n<div class=\"wp-block-file\"><a id=\"wp-block-file--media-570857de-200c-4d4c-97de-7560deeebfb4\" href=\"https:\/\/surin79.fr\/wp-content\/uploads\/2026\/02\/Tableau-des-Deliberations-05-02-2026.pdf\">Tableau des Deliberations 05 02 2026<\/a><a href=\"https:\/\/surin79.fr\/wp-content\/uploads\/2026\/02\/Tableau-des-Deliberations-05-02-2026.pdf\" class=\"wp-block-file__button wp-element-button\" download aria-describedby=\"wp-block-file--media-570857de-200c-4d4c-97de-7560deeebfb4\">T\u00e9l\u00e9charger<\/a><\/div>\n\n\n\n<div class=\"wp-block-file\"><a id=\"wp-block-file--media-e5a45d83-6872-4909-a486-1e1720a6b641\" href=\"https:\/\/surin79.fr\/wp-content\/uploads\/2026\/02\/Seance-du-2026.01.08.pdf\">S\u00e9ance du 2026.01.08<\/a><a href=\"https:\/\/surin79.fr\/wp-content\/uploads\/2026\/02\/Seance-du-2026.01.08.pdf\" class=\"wp-block-file__button wp-element-button\" download aria-describedby=\"wp-block-file--media-e5a45d83-6872-4909-a486-1e1720a6b641\">T\u00e9l\u00e9charger<\/a><\/div>\n\n\n\n<div class=\"wp-block-file\"><a id=\"wp-block-file--media-4616378f-ef60-4361-9cf7-61ca7daf744b\" href=\"https:\/\/surin79.fr\/wp-content\/uploads\/2026\/01\/Tableau-des-Deliberations-08-01-2026.pdf\">Tableau des Deliberations 08 01 2026<\/a><a href=\"https:\/\/surin79.fr\/wp-content\/uploads\/2026\/01\/Tableau-des-Deliberations-08-01-2026.pdf\" class=\"wp-block-file__button wp-element-button\" download aria-describedby=\"wp-block-file--media-4616378f-ef60-4361-9cf7-61ca7daf744b\">T\u00e9l\u00e9charger<\/a><\/div>\n\n\n\n<div class=\"wp-block-file\"><a id=\"wp-block-file--media-217a227f-c465-4626-9470-5df96c225685\" href=\"https:\/\/surin79.fr\/wp-content\/uploads\/2026\/01\/Seance-2025.12.11.pdf\">S\u00e9ance 2025.12.11<\/a><a href=\"https:\/\/surin79.fr\/wp-content\/uploads\/2026\/01\/Seance-2025.12.11.pdf\" class=\"wp-block-file__button wp-element-button\" download aria-describedby=\"wp-block-file--media-217a227f-c465-4626-9470-5df96c225685\">T\u00e9l\u00e9charger<\/a><\/div>\n\n\n\n<div class=\"wp-block-file\"><a id=\"wp-block-file--media-3518a780-bffa-4508-a2b5-e775f8983fc2\" href=\"https:\/\/surin79.fr\/wp-content\/uploads\/2025\/12\/Tableau-Deliberation-11-12-25.pdf\">Tableau Deliberation 11 12 25<\/a><a href=\"https:\/\/surin79.fr\/wp-content\/uploads\/2025\/12\/Tableau-Deliberation-11-12-25.pdf\" class=\"wp-block-file__button wp-element-button\" download aria-describedby=\"wp-block-file--media-3518a780-bffa-4508-a2b5-e775f8983fc2\">T\u00e9l\u00e9charger<\/a><\/div>\n\n\n\n<div class=\"wp-block-file\"><a id=\"wp-block-file--media-fbd3a81c-4645-44d1-91f4-17408d5a2990\" href=\"https:\/\/surin79.fr\/wp-content\/uploads\/2025\/12\/Seance-du-2025.11.12.pdf\">S\u00e9ance du 2025.11.12<\/a><a href=\"https:\/\/surin79.fr\/wp-content\/uploads\/2025\/12\/Seance-du-2025.11.12.pdf\" class=\"wp-block-file__button wp-element-button\" download aria-describedby=\"wp-block-file--media-fbd3a81c-4645-44d1-91f4-17408d5a2990\">T\u00e9l\u00e9charger<\/a><\/div>\n\n\n\n<div class=\"wp-block-file\"><a id=\"wp-block-file--media-1a0344c9-3481-4374-afbc-c54615f5b8d1\" href=\"https:\/\/surin79.fr\/wp-content\/uploads\/2025\/11\/Tableau-Deliberation-13-11-25.pdf\">Tableau Deliberation 13 11 25<\/a><a href=\"https:\/\/surin79.fr\/wp-content\/uploads\/2025\/11\/Tableau-Deliberation-13-11-25.pdf\" class=\"wp-block-file__button wp-element-button\" download aria-describedby=\"wp-block-file--media-1a0344c9-3481-4374-afbc-c54615f5b8d1\">T\u00e9l\u00e9charger<\/a><\/div>\n\n\n\n<div class=\"wp-block-file\"><a id=\"wp-block-file--media-3c0e7672-4ee0-413c-87b9-ff96b66f35d7\" href=\"https:\/\/surin79.fr\/wp-content\/uploads\/2025\/11\/Seance-du-2025.10.09.pdf\">S\u00e9ance du 2025.10.09<\/a><a href=\"https:\/\/surin79.fr\/wp-content\/uploads\/2025\/11\/Seance-du-2025.10.09.pdf\" class=\"wp-block-file__button wp-element-button\" download aria-describedby=\"wp-block-file--media-3c0e7672-4ee0-413c-87b9-ff96b66f35d7\">T\u00e9l\u00e9charger<\/a><\/div>\n\n\n\n<div class=\"wp-block-file\"><a id=\"wp-block-file--media-87e9658e-7beb-45fd-96ae-1548151eb2bf\" href=\"https:\/\/surin79.fr\/wp-content\/uploads\/2025\/10\/Tableau-Deliberation-09-10-25.pdf\">Tableau Deliberation 09 10 25<\/a><a href=\"https:\/\/surin79.fr\/wp-content\/uploads\/2025\/10\/Tableau-Deliberation-09-10-25.pdf\" class=\"wp-block-file__button wp-element-button\" download aria-describedby=\"wp-block-file--media-87e9658e-7beb-45fd-96ae-1548151eb2bf\">T\u00e9l\u00e9charger<\/a><\/div>\n\n\n\n<div class=\"wp-block-file\"><a id=\"wp-block-file--media-2eb6035e-a3e8-436b-b48b-3b61bca3bde0\" href=\"https:\/\/surin79.fr\/wp-content\/uploads\/2025\/10\/Seance-du-2025.09.11.pdf\">S\u00e9ance du 2025.09.11<\/a><a href=\"https:\/\/surin79.fr\/wp-content\/uploads\/2025\/10\/Seance-du-2025.09.11.pdf\" class=\"wp-block-file__button wp-element-button\" download aria-describedby=\"wp-block-file--media-2eb6035e-a3e8-436b-b48b-3b61bca3bde0\">T\u00e9l\u00e9charger<\/a><\/div>\n\n\n\n<div class=\"wp-block-file\"><a id=\"wp-block-file--media-315dd829-1952-4304-a88a-d1dce69e7ca7\" href=\"https:\/\/surin79.fr\/wp-content\/uploads\/2025\/09\/Tableau-Deliberation-11-09-25.pdf\">Tableau Deliberation 11 09 25<\/a><a href=\"https:\/\/surin79.fr\/wp-content\/uploads\/2025\/09\/Tableau-Deliberation-11-09-25.pdf\" class=\"wp-block-file__button wp-element-button\" download aria-describedby=\"wp-block-file--media-315dd829-1952-4304-a88a-d1dce69e7ca7\">T\u00e9l\u00e9charger<\/a><\/div>\n\n\n\n<div class=\"wp-block-file\"><a id=\"wp-block-file--media-bdd2d2d5-c8fb-47f5-bf38-5a43b2cc0610\" href=\"https:\/\/surin79.fr\/wp-content\/uploads\/2025\/09\/Seance-du-2025.07.10.pdf\">S\u00e9ance du 2025.07.10<\/a><a href=\"https:\/\/surin79.fr\/wp-content\/uploads\/2025\/09\/Seance-du-2025.07.10.pdf\" class=\"wp-block-file__button wp-element-button\" download aria-describedby=\"wp-block-file--media-bdd2d2d5-c8fb-47f5-bf38-5a43b2cc0610\">T\u00e9l\u00e9charger<\/a><\/div>\n\n\n\n<div class=\"wp-block-file\"><a id=\"wp-block-file--media-b160b643-451e-4262-90df-95177c17fca0\" href=\"https:\/\/surin79.fr\/wp-content\/uploads\/2025\/07\/Tableau-Deliberation-10-07-25.pdf\">Tableau Deliberation 10 07 25<\/a><a href=\"https:\/\/surin79.fr\/wp-content\/uploads\/2025\/07\/Tableau-Deliberation-10-07-25.pdf\" class=\"wp-block-file__button wp-element-button\" download aria-describedby=\"wp-block-file--media-b160b643-451e-4262-90df-95177c17fca0\">T\u00e9l\u00e9charger<\/a><\/div>\n\n\n\n<div class=\"wp-block-file\"><a id=\"wp-block-file--media-2b07dcd0-7f15-4d99-9fda-0310c6d7b477\" href=\"https:\/\/surin79.fr\/wp-content\/uploads\/2025\/07\/Seance-du-2025.06.12.pdf\">S\u00e9ance du 2025.06.12<\/a><a href=\"https:\/\/surin79.fr\/wp-content\/uploads\/2025\/07\/Seance-du-2025.06.12.pdf\" class=\"wp-block-file__button wp-element-button\" download aria-describedby=\"wp-block-file--media-2b07dcd0-7f15-4d99-9fda-0310c6d7b477\">T\u00e9l\u00e9charger<\/a><\/div>\n\n\n\n<div class=\"wp-block-file\"><a id=\"wp-block-file--media-d9eb422a-d912-4c89-98b2-95592138cd47\" href=\"https:\/\/surin79.fr\/wp-content\/uploads\/2025\/06\/Tableau-Deliberation-12-06-25.pdf\">Tableau Deliberation 12 06 25<\/a><a href=\"https:\/\/surin79.fr\/wp-content\/uploads\/2025\/06\/Tableau-Deliberation-12-06-25.pdf\" class=\"wp-block-file__button wp-element-button\" download aria-describedby=\"wp-block-file--media-d9eb422a-d912-4c89-98b2-95592138cd47\">T\u00e9l\u00e9charger<\/a><\/div>\n\n\n\n<div class=\"wp-block-file\"><a id=\"wp-block-file--media-4f494e02-17ca-4ee4-ae91-6a466f697636\" href=\"https:\/\/surin79.fr\/wp-content\/uploads\/2025\/06\/Seance-du-2025.05.15.pdf\">S\u00e9ance du 2025.05.15<\/a><a href=\"https:\/\/surin79.fr\/wp-content\/uploads\/2025\/06\/Seance-du-2025.05.15.pdf\" class=\"wp-block-file__button wp-element-button\" download aria-describedby=\"wp-block-file--media-4f494e02-17ca-4ee4-ae91-6a466f697636\">T\u00e9l\u00e9charger<\/a><\/div>\n\n\n\n<div class=\"wp-block-file\"><a id=\"wp-block-file--media-ad35ea45-bcb7-4862-b90c-d2e93982c48c\" href=\"https:\/\/surin79.fr\/wp-content\/uploads\/2025\/05\/Tableau-Deliberation-15-05-25.pdf\">Tableau Deliberation 15 05 25<\/a><a href=\"https:\/\/surin79.fr\/wp-content\/uploads\/2025\/05\/Tableau-Deliberation-15-05-25.pdf\" class=\"wp-block-file__button wp-element-button\" download aria-describedby=\"wp-block-file--media-ad35ea45-bcb7-4862-b90c-d2e93982c48c\">T\u00e9l\u00e9charger<\/a><\/div>\n\n\n\n<div class=\"wp-block-file\"><a id=\"wp-block-file--media-abccf5ed-8682-457e-96c8-6e4575d6cfc7\" href=\"https:\/\/surin79.fr\/wp-content\/uploads\/2025\/05\/Seance-du-2025.04.10.pdf\">S\u00e9ance du 2025.04.10<\/a><a href=\"https:\/\/surin79.fr\/wp-content\/uploads\/2025\/05\/Seance-du-2025.04.10.pdf\" class=\"wp-block-file__button wp-element-button\" download aria-describedby=\"wp-block-file--media-abccf5ed-8682-457e-96c8-6e4575d6cfc7\">T\u00e9l\u00e9charger<\/a><\/div>\n\n\n\n<div class=\"wp-block-file\"><a id=\"wp-block-file--media-e5a69e1c-9fb9-4deb-a090-ca758159765c\" href=\"https:\/\/surin79.fr\/wp-content\/uploads\/2025\/04\/Tableau-Deliberation-10-04-25.pdf\">Tableau Deliberation 10 04 25<\/a><a href=\"https:\/\/surin79.fr\/wp-content\/uploads\/2025\/04\/Tableau-Deliberation-10-04-25.pdf\" class=\"wp-block-file__button wp-element-button\" download aria-describedby=\"wp-block-file--media-e5a69e1c-9fb9-4deb-a090-ca758159765c\">T\u00e9l\u00e9charger<\/a><\/div>\n\n\n\n<p class=\"has-text-align-center has-medium-font-size\"><a href=\"https:\/\/surin79.fr\/?page_id=965\" target=\"_blank\" rel=\"noreferrer noopener\">Mairie de Surin-Mentions l\u00e9gales<\/a><\/p>\n\n\n\n<p><\/p>\n","protected":false},"excerpt":{"rendered":"<p>Le conseil se r\u00e9unit chaque deuxi\u00e8me jeudi du mois. La r\u00e9union est publique et se tient dans la salle de r\u00e9union de la mairie. C&rsquo;est le moment de faire le point sur le fonctionnement de la commune et de l&rsquo;avanc\u00e9 des projets. De m\u00eame, chaque commission peut, si n\u00e9cessaire, pr\u00e9senter<\/p>\n","protected":false},"author":1,"featured_media":0,"parent":0,"menu_order":0,"comment_status":"closed","ping_status":"closed","template":"","meta":{"footnotes":""},"class_list":["post-667","page","type-page","status-publish","hentry"],"_links":{"self":[{"href":"https:\/\/surin79.fr\/index.php?rest_route=\/wp\/v2\/pages\/667","targetHints":{"allow":["GET"]}}],"collection":[{"href":"https:\/\/surin79.fr\/index.php?rest_route=\/wp\/v2\/pages"}],"about":[{"href":"https:\/\/surin79.fr\/index.php?rest_route=\/wp\/v2\/types\/page"}],"author":[{"embeddable":true,"href":"https:\/\/surin79.fr\/index.php?rest_route=\/wp\/v2\/users\/1"}],"replies":[{"embeddable":true,"href":"https:\/\/surin79.fr\/index.php?rest_route=%2Fwp%2Fv2%2Fcomments&post=667"}],"version-history":[{"count":76,"href":"https:\/\/surin79.fr\/index.php?rest_route=\/wp\/v2\/pages\/667\/revisions"}],"predecessor-version":[{"id":1814,"href":"https:\/\/surin79.fr\/index.php?rest_route=\/wp\/v2\/pages\/667\/revisions\/1814"}],"wp:attachment":[{"href":"https:\/\/surin79.fr\/index.php?rest_route=%2Fwp%2Fv2%2Fmedia&parent=667"}],"curies":[{"name":"wp","href":"https:\/\/api.w.org\/{rel}","templated":true}]}}