{"id":727,"date":"2021-07-08T16:54:13","date_gmt":"2021-07-08T14:54:13","guid":{"rendered":"https:\/\/surin79.fr\/?page_id=727"},"modified":"2025-10-22T18:04:14","modified_gmt":"2025-10-22T16:04:14","slug":"actualites","status":"publish","type":"page","link":"https:\/\/surin79.fr\/?page_id=727","title":{"rendered":"ACTUALITES"},"content":{"rendered":"\n<h2 class=\"wp-block-heading\">Surin est sur l&rsquo;application t\u00e9l\u00e9phone IntraMuros<\/h2>\n\n\n<div class=\"wp-block-image\">\n<figure class=\"aligncenter size-full is-resized\"><img loading=\"lazy\" decoding=\"async\" width=\"467\" height=\"662\" src=\"https:\/\/surin79.fr\/wp-content\/uploads\/2022\/04\/intramuros.png\" alt=\"\" class=\"wp-image-1038\" style=\"width:76px;height:107px\" srcset=\"https:\/\/surin79.fr\/wp-content\/uploads\/2022\/04\/intramuros.png 467w, https:\/\/surin79.fr\/wp-content\/uploads\/2022\/04\/intramuros-212x300.png 212w\" sizes=\"auto, (max-width: 467px) 100vw, 467px\" \/><\/figure>\n<\/div>\n\n\n<div class=\"wp-block-group\"><div class=\"wp-block-group__inner-container is-layout-flow wp-block-group-is-layout-flow\">\n<div class=\"wp-block-group\"><div class=\"wp-block-group__inner-container is-layout-flow wp-block-group-is-layout-flow\">\n<div class=\"wp-block-group\"><div class=\"wp-block-group__inner-container is-layout-flow wp-block-group-is-layout-flow\">\n<p>L\u2019application mobile IntraMuros vous permet d&rsquo;\u00eatre <strong>inform\u00e9<\/strong> et d\u2019\u00eatre <strong>alert\u00e9<\/strong>&nbsp;sur la vie de <strong>Surin<\/strong>. Vous pouvez recevoir vos alertes directement sur votre smartphone. Vous acc\u00e9dez au&nbsp;<strong>journal<\/strong>&nbsp;de la commune, aux \u00e9v\u00e9nements culturels&nbsp;et aux points d\u2019int\u00e9r\u00eat&nbsp;<strong>touristiques<\/strong>.<\/p>\n<\/div><\/div>\n\n\n\n<p>L<strong>es services<\/strong>&nbsp;qui sont \u00e0 disposition&nbsp;: l\u2019annuaire, les associations, les \u00e9coles, les m\u00e9diath\u00e8ques et les commerces.<\/p>\n<\/div><\/div>\n<\/div><\/div>\n\n\n\n<p>Pour t\u00e9l\u00e9charger l&rsquo;applica<strong>tion IntraMuros :<\/strong><\/p>\n\n\n\n<p>sur Android <a href=\"https:\/\/play.google.com\/store\/apps\/details?id=com.intramuros.Intramuros.production\" target=\"_blank\" rel=\"noreferrer noopener\">cliquer ici<\/a>.<\/p>\n\n\n\n<p>Sur Apple <a href=\"https:\/\/apps.apple.com\/fr\/app\/intramuros-info-du-territoire\/id1312850573\" target=\"_blank\" rel=\"noreferrer noopener\">cliquer ici<\/a>.<\/p>\n\n\n\n<script type=\"text\/javascript\">\nwindow.intramurosCityIdNews = '4123';\nwindow.intramurosAggloIdNews = '202';\nwindow.zoomNews = 1;\nwindow.containerSizeNews = 'medium';\nwindow.itemPerPageNews = 10;\nwindow.imageMaxHeightNews = 0;\nwindow.backgroundColorNews = '#ffffff';\nwindow.titleColorNews = '#000000';\nwindow.excludeActorsNews = false;\nwindow.displayModeNews = 'list';\nwindow.truncateNews = 0;\nwindow.showFiltersNews = 1;\nwindow.showPinnedFirstNews = 1;\n<\/script>\n<script type=\"text\/javascript\" charset=\"UTF-8\" src=\"https:\/\/widget.intramuros.org\/js\/5.1.0\/actualite.js\" async><\/script>\n<div id=\"intramuros_news\"><\/div>\n\n\n\n<h2 class=\"wp-block-heading\" id=\"presence-de-termites\">Pr\u00e9sence de termites <\/h2>\n\n\n\n<p>La pr\u00e9sence de termites a \u00e9t\u00e9 d\u00e9pos\u00e9e \u00e0 la mairie au village de La V\u00e9qui\u00e8re.  Le conseil municipal a d\u00e9termin\u00e9 un p\u00e9rim\u00e8tre contamin\u00e9 ou susceptible de l\u2019\u00eatre de 150 m\u00e8tres autour de l\u2019habitation contamin\u00e9e. Les habitants concern\u00e9s seront bient\u00f4t contact\u00e9s par la mairie.<\/p>\n\n\n\n<p>La liste des ces parcelles est sur le <a href=\"https:\/\/surin79.fr\/?page_id=667\">compte rendu du conseil municipal<\/a> de 14 octobre 2021.<\/p>\n\n\n\n<p class=\"has-text-align-center has-medium-font-size\"><a href=\"https:\/\/surin79.fr\/?page_id=965\" target=\"_blank\" rel=\"noreferrer noopener\">Mairie de Surin-Mentions l\u00e9gales<\/a><\/p>\n","protected":false},"excerpt":{"rendered":"<p>Surin est sur l&rsquo;application t\u00e9l\u00e9phone IntraMuros L\u2019application mobile IntraMuros vous permet d&rsquo;\u00eatre inform\u00e9 et d\u2019\u00eatre alert\u00e9&nbsp;sur la vie de Surin. Vous pouvez recevoir vos alertes directement sur votre smartphone. Vous acc\u00e9dez au&nbsp;journal&nbsp;de la commune, aux \u00e9v\u00e9nements culturels&nbsp;et aux points d\u2019int\u00e9r\u00eat&nbsp;touristiques. Les services&nbsp;qui sont \u00e0 disposition&nbsp;: l\u2019annuaire, les associations, les \u00e9coles,<\/p>\n","protected":false},"author":1,"featured_media":0,"parent":0,"menu_order":0,"comment_status":"closed","ping_status":"closed","template":"","meta":{"footnotes":""},"class_list":["post-727","page","type-page","status-publish","hentry"],"_links":{"self":[{"href":"https:\/\/surin79.fr\/index.php?rest_route=\/wp\/v2\/pages\/727","targetHints":{"allow":["GET"]}}],"collection":[{"href":"https:\/\/surin79.fr\/index.php?rest_route=\/wp\/v2\/pages"}],"about":[{"href":"https:\/\/surin79.fr\/index.php?rest_route=\/wp\/v2\/types\/page"}],"author":[{"embeddable":true,"href":"https:\/\/surin79.fr\/index.php?rest_route=\/wp\/v2\/users\/1"}],"replies":[{"embeddable":true,"href":"https:\/\/surin79.fr\/index.php?rest_route=%2Fwp%2Fv2%2Fcomments&post=727"}],"version-history":[{"count":50,"href":"https:\/\/surin79.fr\/index.php?rest_route=\/wp\/v2\/pages\/727\/revisions"}],"predecessor-version":[{"id":1666,"href":"https:\/\/surin79.fr\/index.php?rest_route=\/wp\/v2\/pages\/727\/revisions\/1666"}],"wp:attachment":[{"href":"https:\/\/surin79.fr\/index.php?rest_route=%2Fwp%2Fv2%2Fmedia&parent=727"}],"curies":[{"name":"wp","href":"https:\/\/api.w.org\/{rel}","templated":true}]}}