{"id":757,"date":"2021-08-29T16:47:17","date_gmt":"2021-08-29T14:47:17","guid":{"rendered":"https:\/\/surin79.fr\/?page_id=757"},"modified":"2026-04-13T16:03:08","modified_gmt":"2026-04-13T14:03:08","slug":"restauration-scolaire","status":"publish","type":"page","link":"https:\/\/surin79.fr\/?page_id=757","title":{"rendered":"Restauration scolaire"},"content":{"rendered":"\n<p>Les repas des \u00e9l\u00e8ves de l&rsquo;\u00e9cole <strong>Surin &#8211; Xaintray<\/strong> sont pr\u00e9par\u00e9s \u00e0 la cuisine de l&rsquo;\u00e9cole de Surin par le cuisinier de notre \u00e9cole. Ils sont enti\u00e8rement \u00e9labor\u00e9s par ses soins en utilisant des produits frais, issus le plus possible d&rsquo;un approvisionnement local.<\/p>\n\n\n\n<figure class=\"wp-block-table\"><table><tbody><tr><td><strong><mark style=\"background-color:rgba(0, 0, 0, 0)\" class=\"has-inline-color has-black-color\">Lundi <\/mark>20\/04<\/strong>*<\/td><td><strong>Mardi 21\/04<\/strong><\/td><td><strong>Jeudi 23\/04<\/strong><\/td><td><strong>Vendredi 24\/04<\/strong><\/td><\/tr><tr><td>Taboul\u00e9<\/td><td>Salade de p\u00e2tes<\/td><td>Radis<\/td><td>Rilette<\/td><\/tr><tr><td>Omelette<\/td><td>Saucisse de porc<\/td><td>Gratin de l\u00e9gumes<\/td><td>Gratin de poisson<\/td><\/tr><tr><td>Fromage<\/td><td>Haricots verts<\/td><td>Fromages<\/td><td>Riz<\/td><\/tr><tr><td>Fruits<\/td><td>Laitage<\/td><td>Fruits<\/td><td>Laitage<\/td><\/tr><tr><td><\/td><td><\/td><td><\/td><td><\/td><\/tr><tr><td><strong>Lundi 27\/04<\/strong><\/td><td><strong>Mardi 28\/04<\/strong><\/td><td><strong>Jeudi 30\/04<\/strong><\/td><td><strong>Vendredi 01\/05<\/strong><\/td><\/tr><tr><td>Concombres<\/td><td>\u0152ufs mayonnaise<\/td><td>Chou rouge<\/td><td><\/td><\/tr><tr><td>Hachis parmentier<\/td><td>Saut\u00e9 de porc<\/td><td>Escalope de dinde<\/td><td>               F\u00e9ri\u00e9<\/td><\/tr><tr><td>Fromage<\/td><td>Haricots blancs<\/td><td>P\u00e2tes<\/td><td><\/td><\/tr><tr><td>P\u00e2tisserie<\/td><td>Laitage<\/td><td>Laitage<\/td><td><\/td><\/tr><tr><td><\/td><td><\/td><td><\/td><td><\/td><\/tr><\/tbody><\/table><figcaption class=\"wp-element-caption\">* menu v\u00e9g\u00e9tarien<\/figcaption><\/figure>\n\n\n\n<p>Pour t\u00e9l\u00e9charger les menus complets des vacances de mars \u00e0 avril, <a href=\"https:\/\/surin79.fr\/wp-content\/uploads\/2026\/04\/menu-davril-a-juillet.pdf\">cliquer ici<\/a>.<\/p>\n\n\n\n<p><em>Ou en version <\/em><a href=\"https:\/\/surin79.fr\/wp-content\/uploads\/2026\/04\/menu-davril-a-juillet.odt\">libre office.<\/a><\/p>\n\n\n<div class=\"wp-block-image\">\n<figure class=\"aligncenter size-full\"><img loading=\"lazy\" decoding=\"async\" width=\"503\" height=\"239\" src=\"https:\/\/surin79.fr\/wp-content\/uploads\/2021\/08\/Image-cantine.jpg\" alt=\"\" class=\"wp-image-759\" srcset=\"https:\/\/surin79.fr\/wp-content\/uploads\/2021\/08\/Image-cantine.jpg 503w, https:\/\/surin79.fr\/wp-content\/uploads\/2021\/08\/Image-cantine-300x143.jpg 300w\" sizes=\"auto, (max-width: 503px) 100vw, 503px\" \/><\/figure>\n<\/div>\n\n\n<p class=\"has-text-align-center has-medium-font-size\"><a href=\"https:\/\/surin79.fr\/?page_id=965\" target=\"_blank\" rel=\"noreferrer noopener\">Mairie de Surin-Mentions l\u00e9gales<\/a><\/p>\n","protected":false},"excerpt":{"rendered":"<p>Les repas des \u00e9l\u00e8ves de l&rsquo;\u00e9cole Surin &#8211; Xaintray sont pr\u00e9par\u00e9s \u00e0 la cuisine de l&rsquo;\u00e9cole de Surin par le cuisinier de notre \u00e9cole. Ils sont enti\u00e8rement \u00e9labor\u00e9s par ses soins en utilisant des produits frais, issus le plus possible d&rsquo;un approvisionnement local. Lundi 20\/04* Mardi 21\/04 Jeudi 23\/04 Vendredi<\/p>\n","protected":false},"author":1,"featured_media":0,"parent":0,"menu_order":0,"comment_status":"closed","ping_status":"closed","template":"","meta":{"footnotes":""},"class_list":["post-757","page","type-page","status-publish","hentry"],"_links":{"self":[{"href":"https:\/\/surin79.fr\/index.php?rest_route=\/wp\/v2\/pages\/757","targetHints":{"allow":["GET"]}}],"collection":[{"href":"https:\/\/surin79.fr\/index.php?rest_route=\/wp\/v2\/pages"}],"about":[{"href":"https:\/\/surin79.fr\/index.php?rest_route=\/wp\/v2\/types\/page"}],"author":[{"embeddable":true,"href":"https:\/\/surin79.fr\/index.php?rest_route=\/wp\/v2\/users\/1"}],"replies":[{"embeddable":true,"href":"https:\/\/surin79.fr\/index.php?rest_route=%2Fwp%2Fv2%2Fcomments&post=757"}],"version-history":[{"count":143,"href":"https:\/\/surin79.fr\/index.php?rest_route=\/wp\/v2\/pages\/757\/revisions"}],"predecessor-version":[{"id":1825,"href":"https:\/\/surin79.fr\/index.php?rest_route=\/wp\/v2\/pages\/757\/revisions\/1825"}],"wp:attachment":[{"href":"https:\/\/surin79.fr\/index.php?rest_route=%2Fwp%2Fv2%2Fmedia&parent=757"}],"curies":[{"name":"wp","href":"https:\/\/api.w.org\/{rel}","templated":true}]}}